{"id":778,"date":"2025-01-28T11:42:42","date_gmt":"2025-01-28T11:42:42","guid":{"rendered":"https:\/\/tao-foods.com\/shop\/?post_type=product&#038;p=778"},"modified":"2025-10-20T12:37:27","modified_gmt":"2025-10-20T12:37:27","slug":"medium-peri-peri-sauce","status":"publish","type":"product","link":"https:\/\/tao-foods.com\/shop\/product\/medium-peri-peri-sauce\/","title":{"rendered":"<span style=\"font-size: 23px; line-height:27px\">Medium PERi-PERi Sauce<br>bax 6 x 125ml<\/span>"},"content":{"rendered":"<p><strong>Ingrediente:<\/strong><\/p>\n<p>O\u021bet, ap\u0103, piure de ceap\u0103, sare, piure de l\u0103m\u00e2ie, ulei de semin\u021be de floarea soarelui, condimente (ardei iute african, ardei iute), ardei iute verde, usturoi, gum\u0103 xantan, alginat de propilen glicol (derivat din alge marine), conservant (acid ascorbic), extract de rozmarin<\/p>\n","protected":false},"excerpt":{"rendered":"<p>PERi-PERi este un sos f\u0103r\u0103 GMO \u0219i f\u0103r\u0103 gluten, potrivit pentru vegetarieni, f\u0103cut f\u0103r\u0103 MSG ad\u0103ugat, f\u0103r\u0103 conservan\u021bi artificiali, coloran\u021bi sau arome.<\/p>\n<p> <a class=\"more-link\" href=\"https:\/\/tao-foods.com\/shop\/product\/medium-peri-peri-sauce\/\">Read more<\/a><\/p>","protected":false},"featured_media":779,"template":"","meta":[],"product_cat":[31],"product_tag":[],"class_list":{"0":"post-778","1":"product","2":"type-product","3":"status-publish","4":"has-post-thumbnail","6":"product_cat-nandos","8":"first","9":"instock","10":"shipping-taxable","11":"product-type-simple"},"_links":{"self":[{"href":"https:\/\/tao-foods.com\/shop\/wp-json\/wp\/v2\/product\/778","targetHints":{"allow":["GET"]}}],"collection":[{"href":"https:\/\/tao-foods.com\/shop\/wp-json\/wp\/v2\/product"}],"about":[{"href":"https:\/\/tao-foods.com\/shop\/wp-json\/wp\/v2\/types\/product"}],"wp:featuredmedia":[{"embeddable":true,"href":"https:\/\/tao-foods.com\/shop\/wp-json\/wp\/v2\/media\/779"}],"wp:attachment":[{"href":"https:\/\/tao-foods.com\/shop\/wp-json\/wp\/v2\/media?parent=778"}],"wp:term":[{"taxonomy":"product_cat","embeddable":true,"href":"https:\/\/tao-foods.com\/shop\/wp-json\/wp\/v2\/product_cat?post=778"},{"taxonomy":"product_tag","embeddable":true,"href":"https:\/\/tao-foods.com\/shop\/wp-json\/wp\/v2\/product_tag?post=778"}],"curies":[{"name":"wp","href":"https:\/\/api.w.org\/{rel}","templated":true}]}}