{"id":767,"date":"2025-01-28T11:20:23","date_gmt":"2025-01-28T11:20:23","guid":{"rendered":"https:\/\/tao-foods.com\/shop\/?post_type=product&#038;p=767"},"modified":"2025-10-20T12:37:44","modified_gmt":"2025-10-20T12:37:44","slug":"mild-peri-peri-sauce","status":"publish","type":"product","link":"https:\/\/tao-foods.com\/shop\/product\/mild-peri-peri-sauce\/","title":{"rendered":"<span style=\"font-size: 23px; line-height:27px\">Mild PERi-PERi Sauce<br>bax 6 x 250ml<\/span>"},"content":{"rendered":"","protected":false},"excerpt":{"rendered":"<p>PERi-PERi este un sos iute f\u0103r\u0103 GMO \u0219i f\u0103r\u0103 gluten, potrivit pentru vegetarieni, f\u0103cut f\u0103r\u0103 MSG ad\u0103ugat, f\u0103r\u0103 conservan\u021bi artificiali, coloran\u021bi sau arome.<\/p>\n<p> <a class=\"more-link\" href=\"https:\/\/tao-foods.com\/shop\/product\/mild-peri-peri-sauce\/\">Read more<\/a><\/p>","protected":false},"featured_media":768,"template":"","meta":[],"product_cat":[31],"product_tag":[],"class_list":{"0":"post-767","1":"product","2":"type-product","3":"status-publish","4":"has-post-thumbnail","6":"product_cat-nandos","8":"first","9":"instock","10":"shipping-taxable","11":"product-type-simple"},"_links":{"self":[{"href":"https:\/\/tao-foods.com\/shop\/wp-json\/wp\/v2\/product\/767","targetHints":{"allow":["GET"]}}],"collection":[{"href":"https:\/\/tao-foods.com\/shop\/wp-json\/wp\/v2\/product"}],"about":[{"href":"https:\/\/tao-foods.com\/shop\/wp-json\/wp\/v2\/types\/product"}],"wp:featuredmedia":[{"embeddable":true,"href":"https:\/\/tao-foods.com\/shop\/wp-json\/wp\/v2\/media\/768"}],"wp:attachment":[{"href":"https:\/\/tao-foods.com\/shop\/wp-json\/wp\/v2\/media?parent=767"}],"wp:term":[{"taxonomy":"product_cat","embeddable":true,"href":"https:\/\/tao-foods.com\/shop\/wp-json\/wp\/v2\/product_cat?post=767"},{"taxonomy":"product_tag","embeddable":true,"href":"https:\/\/tao-foods.com\/shop\/wp-json\/wp\/v2\/product_tag?post=767"}],"curies":[{"name":"wp","href":"https:\/\/api.w.org\/{rel}","templated":true}]}}