{"id":461,"date":"2024-11-28T21:58:38","date_gmt":"2024-11-28T21:58:38","guid":{"rendered":"https:\/\/tao-foods.com\/shop\/?post_type=product&#038;p=461"},"modified":"2025-10-20T11:37:39","modified_gmt":"2025-10-20T11:37:39","slug":"bottlegreen-refreshing-lime-mint","status":"publish","type":"product","link":"https:\/\/tao-foods.com\/shop\/product\/bottlegreen-refreshing-lime-mint\/","title":{"rendered":"<span style=\"font-size: 23px; line-height:27px\">Bottle Green Refreshing Lime &#038; Mint<br>bax 6 x 500ml<\/span>"},"content":{"rendered":"<p><strong><span class=\"HwtZe\" lang=\"ro\"><span class=\"jCAhz ChMk0b\"><span class=\"ryNqvb\">INGREDIENTE:<\/span><\/span><\/span><\/strong><\/p>\n<p><span class=\"HwtZe\" lang=\"ro\"> <span class=\"jCAhz ChMk0b\"><span class=\"ryNqvb\">Zah\u0103r, suc de lamaie din concentrat (25%), ap\u0103 de izvor Cotswold, fructoz\u0103, acid citric, arome naturale.<\/span><\/span><\/span><\/p>\n<p><span class=\"HwtZe\" lang=\"ro\"><span class=\"jCAhz\"><span class=\"ryNqvb\">Fara arome artificiale, coloranti si conservanti.<\/span><\/span><\/span><\/p>\n<p><span class=\"HwtZe\" lang=\"ro\"><span class=\"jCAhz\"><span class=\"ryNqvb\"><strong><span class=\"jCAhz ChMk0b\">Informa\u021bii nutri\u021bionale:<\/span><\/strong><\/span><\/span><\/span><\/p>\n<p><span class=\"HwtZe\" lang=\"ro\"><span class=\"jCAhz\"><span class=\"ryNqvb\">la 100 ml c\u00e2nd este diluat 1 parte cordial cu 14 p\u0103r\u021bi ap\u0103<\/span><\/span><\/span><\/p>\n<ul>\n<li style=\"text-align: left;\"><span class=\"HwtZe\" lang=\"ro\"><span class=\"jCAhz\"><span class=\"ryNqvb\">Energie 78kj\/18kcal<\/span><\/span><\/span><\/li>\n<li style=\"text-align: left;\"><span class=\"HwtZe\" lang=\"ro\"> <span class=\"jCAhz\"><span class=\"ryNqvb\">Grasimi 0g<\/span><\/span><\/span><\/li>\n<li style=\"text-align: left;\"><span class=\"HwtZe\" lang=\"ro\"><span class=\"jCAhz ChMk0b\"><span class=\"ryNqvb\">Carbohidra\u021bi 4.5<\/span><\/span><\/span><\/li>\n<li style=\"text-align: left;\"><span class=\"HwtZe\" lang=\"ro\"><span class=\"jCAhz ChMk0b\"><span class=\"ryNqvb\">Zaharuri 4.4g<\/span><\/span><\/span><\/li>\n<li style=\"text-align: left;\"><span class=\"HwtZe\" lang=\"ro\"><span class=\"jCAhz ChMk0b\"><span class=\"ryNqvb\">Proteina 0g <\/span><\/span><\/span><\/li>\n<li style=\"text-align: left;\"><span class=\"HwtZe\" lang=\"ro\"><span class=\"jCAhz ChMk0b\"><span class=\"ryNqvb\">Sare 0g<\/span><\/span><\/span><\/li>\n<\/ul>\n","protected":false},"excerpt":{"rendered":"<p>Suc de lime infuzate cu frunze de menta, servit cu gheata pentru o\u00a0 bautura racoritoare perfecta.<\/p>\n<p> <a class=\"more-link\" href=\"https:\/\/tao-foods.com\/shop\/product\/bottlegreen-refreshing-lime-mint\/\">Read more<\/a><\/p>","protected":false},"featured_media":462,"template":"","meta":[],"product_cat":[21],"product_tag":[],"class_list":{"0":"post-461","1":"product","2":"type-product","3":"status-publish","4":"has-post-thumbnail","6":"product_cat-bottlegreen","8":"first","9":"instock","10":"shipping-taxable","11":"product-type-simple"},"_links":{"self":[{"href":"https:\/\/tao-foods.com\/shop\/wp-json\/wp\/v2\/product\/461","targetHints":{"allow":["GET"]}}],"collection":[{"href":"https:\/\/tao-foods.com\/shop\/wp-json\/wp\/v2\/product"}],"about":[{"href":"https:\/\/tao-foods.com\/shop\/wp-json\/wp\/v2\/types\/product"}],"wp:featuredmedia":[{"embeddable":true,"href":"https:\/\/tao-foods.com\/shop\/wp-json\/wp\/v2\/media\/462"}],"wp:attachment":[{"href":"https:\/\/tao-foods.com\/shop\/wp-json\/wp\/v2\/media?parent=461"}],"wp:term":[{"taxonomy":"product_cat","embeddable":true,"href":"https:\/\/tao-foods.com\/shop\/wp-json\/wp\/v2\/product_cat?post=461"},{"taxonomy":"product_tag","embeddable":true,"href":"https:\/\/tao-foods.com\/shop\/wp-json\/wp\/v2\/product_tag?post=461"}],"curies":[{"name":"wp","href":"https:\/\/api.w.org\/{rel}","templated":true}]}}