{"id":453,"date":"2024-11-28T21:39:41","date_gmt":"2024-11-28T21:39:41","guid":{"rendered":"https:\/\/tao-foods.com\/shop\/?post_type=product&#038;p=453"},"modified":"2025-10-20T11:38:03","modified_gmt":"2025-10-20T11:38:03","slug":"bottlegreen-elderflower-sparkling","status":"publish","type":"product","link":"https:\/\/tao-foods.com\/shop\/product\/bottlegreen-elderflower-sparkling\/","title":{"rendered":"<span style=\"font-size: 23px; line-height:27px\">Bottle Green Elderflower Sparkling<br>bax 6 x 750ml<\/span>"},"content":{"rendered":"<p><span class=\"HwtZe\" lang=\"ro\"><strong><span class=\"jCAhz ChMk0b\"><span class=\"ryNqvb\">INGREDIENTE:<\/span><\/span><\/strong><\/span><\/p>\n<p><span class=\"HwtZe\" lang=\"ro\"> <span class=\"jCAhz ChMk0b\"><span class=\"ryNqvb\">Ap\u0103 carbogazoas\u0103 de izvor Cotswold, zah\u0103r, flori de soc, acid citric, arom\u0103 natural\u0103. <\/span><\/span><\/span><\/p>\n<p><span class=\"HwtZe\" lang=\"ro\"><span class=\"jCAhz ChMk0b\"><span class=\"ryNqvb\">Fara arome artificiale, coloranti si conservanti. <\/span><\/span><\/span><\/p>\n<p><span class=\"HwtZe\" lang=\"ro\"><span class=\"jCAhz ChMk0b\"><span class=\"ryNqvb\"><strong>Informa\u021bii nutri\u021bionale:<\/strong> <\/span><\/span><\/span><\/p>\n<p><span class=\"HwtZe\" lang=\"ro\"><span class=\"jCAhz ChMk0b\"><span class=\"ryNqvb\">la 100 ml <\/span><\/span><\/span><\/p>\n<ul>\n<li style=\"text-align: left;\"><span class=\"HwtZe\" lang=\"ro\"><span class=\"jCAhz ChMk0b\"><span class=\"ryNqvb\">Energie 131kJ\/31kcal<\/span><\/span><\/span><\/li>\n<li style=\"text-align: left;\"><span class=\"HwtZe\" lang=\"ro\"><span class=\"jCAhz ChMk0b\"><span class=\"ryNqvb\">Grasimi 0g<\/span><\/span><\/span><\/li>\n<li style=\"text-align: left;\"><span class=\"HwtZe\" lang=\"ro\"><span class=\"jCAhz ChMk0b\"><span class=\"ryNqvb\">Carbohidra\u021bi 7,4 g<\/span><\/span><\/span><\/li>\n<li style=\"text-align: left;\"><span class=\"HwtZe\" lang=\"ro\"><span class=\"jCAhz ChMk0b\"><span class=\"ryNqvb\">Zaharuri 7,4g<\/span><\/span><\/span><\/li>\n<li style=\"text-align: left;\"><span class=\"HwtZe\" lang=\"ro\"><span class=\"jCAhz\"><span class=\"ryNqvb\">Proteina g0<\/span><\/span><\/span><\/li>\n<li style=\"text-align: left;\"><span class=\"HwtZe\" lang=\"ro\"> <span class=\"jCAhz\"><span class=\"ryNqvb\">Sare 0,04 g<\/span><\/span><\/span><\/li>\n<\/ul>\n","protected":false},"excerpt":{"rendered":"<p>O b\u0103utur\u0103 r\u0103coritoare delicios parfumat\u0103 care combin\u0103 flori de soc culese manual \u0219i ap\u0103 de izvor Cotswold u\u0219or spumante.<\/p>\n<p> <a class=\"more-link\" href=\"https:\/\/tao-foods.com\/shop\/product\/bottlegreen-elderflower-sparkling\/\">Read more<\/a><\/p>","protected":false},"featured_media":454,"template":"","meta":[],"product_cat":[21],"product_tag":[],"class_list":{"0":"post-453","1":"product","2":"type-product","3":"status-publish","4":"has-post-thumbnail","6":"product_cat-bottlegreen","8":"first","9":"instock","10":"shipping-taxable","11":"product-type-simple"},"_links":{"self":[{"href":"https:\/\/tao-foods.com\/shop\/wp-json\/wp\/v2\/product\/453","targetHints":{"allow":["GET"]}}],"collection":[{"href":"https:\/\/tao-foods.com\/shop\/wp-json\/wp\/v2\/product"}],"about":[{"href":"https:\/\/tao-foods.com\/shop\/wp-json\/wp\/v2\/types\/product"}],"wp:featuredmedia":[{"embeddable":true,"href":"https:\/\/tao-foods.com\/shop\/wp-json\/wp\/v2\/media\/454"}],"wp:attachment":[{"href":"https:\/\/tao-foods.com\/shop\/wp-json\/wp\/v2\/media?parent=453"}],"wp:term":[{"taxonomy":"product_cat","embeddable":true,"href":"https:\/\/tao-foods.com\/shop\/wp-json\/wp\/v2\/product_cat?post=453"},{"taxonomy":"product_tag","embeddable":true,"href":"https:\/\/tao-foods.com\/shop\/wp-json\/wp\/v2\/product_tag?post=453"}],"curies":[{"name":"wp","href":"https:\/\/api.w.org\/{rel}","templated":true}]}}