{"id":445,"date":"2024-11-28T19:46:16","date_gmt":"2024-11-28T19:46:16","guid":{"rendered":"https:\/\/tao-foods.com\/shop\/?post_type=product&#038;p=445"},"modified":"2025-10-20T11:38:23","modified_gmt":"2025-10-20T11:38:23","slug":"bottlegreen-blood-orange","status":"publish","type":"product","link":"https:\/\/tao-foods.com\/shop\/product\/bottlegreen-blood-orange\/","title":{"rendered":"<span style=\"font-size: 23px; line-height:27px\">Bottle Green Blood Orange<br>bax 6 x 750ml<\/span>"},"content":{"rendered":"<p><strong><span class=\"HwtZe\" lang=\"ro\"><span class=\"jCAhz\"><span class=\"ryNqvb\">INGREDIENTE:<\/span><\/span><\/span><\/strong><\/p>\n<p><span class=\"HwtZe\" lang=\"ro\"> <span class=\"jCAhz ChMk0b\"><span class=\"ryNqvb\">Ap\u0103 de izvor carbogazoas\u0103 Cotswold, zah\u0103r, suc de portocale din concentrat (5%), acid citric, suc de Aronia din concentrat, arome naturale.<\/span><\/span><\/span><\/p>\n<p><span class=\"HwtZe\" lang=\"ro\"> <strong><span class=\"jCAhz ChMk0b\"><span class=\"ryNqvb\">Informa\u021bii nutri\u021bionale:<\/span><\/span><\/strong><\/span><\/p>\n<p><span class=\"HwtZe\" lang=\"ro\"><span class=\"jCAhz ChMk0b\"><span class=\"ryNqvb\"> la 100 ml<\/span><\/span><\/span><\/p>\n<ul>\n<li style=\"text-align: left;\"><span class=\"HwtZe\" lang=\"ro\"> <span class=\"jCAhz ChMk0b\"><span class=\"ryNqvb\">Energie 138kj\/33kcal<\/span><\/span><\/span><\/li>\n<li style=\"text-align: left;\"><span class=\"HwtZe\" lang=\"ro\"><span class=\"jCAhz ChMk0b\"><span class=\"ryNqvb\">Grasimi 0g<\/span><\/span><\/span><\/li>\n<li style=\"text-align: left;\"><span class=\"HwtZe\" lang=\"ro\"><span class=\"jCAhz ChMk0b\"><span class=\"ryNqvb\">Carbohidra\u021bi 7,7 g<\/span><\/span><\/span><\/li>\n<li style=\"text-align: left;\"><span class=\"HwtZe\" lang=\"ro\"><span class=\"jCAhz ChMk0b\"><span class=\"ryNqvb\">Zaharuri 7,7g<\/span><\/span><\/span><\/li>\n<li style=\"text-align: left;\"><span class=\"HwtZe\" lang=\"ro\"><span class=\"jCAhz ChMk0b\"><span class=\"ryNqvb\">Amidon 0g<\/span><\/span><\/span><\/li>\n<li style=\"text-align: left;\"><span class=\"HwtZe\" lang=\"ro\"> <span class=\"jCAhz ChMk0b\"><span class=\"ryNqvb\">Proteina 0g<\/span><\/span><\/span><\/li>\n<li style=\"text-align: left;\"><span class=\"HwtZe\" lang=\"ro\"> <span class=\"jCAhz\"><span class=\"ryNqvb\">Sare 0g<br \/>\n<\/span><\/span><\/span><\/li>\n<\/ul>\n","protected":false},"excerpt":{"rendered":"<p>O b\u0103utur\u0103 r\u0103coritoare delicioas\u0103 care combin\u0103 sucul de portocale cu ap\u0103 de izvor Cotswold u\u0219or spumanta.<\/p>\n<p> <a class=\"more-link\" href=\"https:\/\/tao-foods.com\/shop\/product\/bottlegreen-blood-orange\/\">Read more<\/a><\/p>","protected":false},"featured_media":446,"template":"","meta":[],"product_cat":[21],"product_tag":[],"class_list":{"0":"post-445","1":"product","2":"type-product","3":"status-publish","4":"has-post-thumbnail","6":"product_cat-bottlegreen","8":"first","9":"instock","10":"shipping-taxable","11":"product-type-simple"},"_links":{"self":[{"href":"https:\/\/tao-foods.com\/shop\/wp-json\/wp\/v2\/product\/445","targetHints":{"allow":["GET"]}}],"collection":[{"href":"https:\/\/tao-foods.com\/shop\/wp-json\/wp\/v2\/product"}],"about":[{"href":"https:\/\/tao-foods.com\/shop\/wp-json\/wp\/v2\/types\/product"}],"wp:featuredmedia":[{"embeddable":true,"href":"https:\/\/tao-foods.com\/shop\/wp-json\/wp\/v2\/media\/446"}],"wp:attachment":[{"href":"https:\/\/tao-foods.com\/shop\/wp-json\/wp\/v2\/media?parent=445"}],"wp:term":[{"taxonomy":"product_cat","embeddable":true,"href":"https:\/\/tao-foods.com\/shop\/wp-json\/wp\/v2\/product_cat?post=445"},{"taxonomy":"product_tag","embeddable":true,"href":"https:\/\/tao-foods.com\/shop\/wp-json\/wp\/v2\/product_tag?post=445"}],"curies":[{"name":"wp","href":"https:\/\/api.w.org\/{rel}","templated":true}]}}