{"id":428,"date":"2024-11-28T19:06:23","date_gmt":"2024-11-28T19:06:23","guid":{"rendered":"https:\/\/tao-foods.com\/shop\/?post_type=product&#038;p=428"},"modified":"2025-10-20T12:33:37","modified_gmt":"2025-10-20T12:33:37","slug":"folkingtons-british-summer-berries","status":"publish","type":"product","link":"https:\/\/tao-foods.com\/shop\/product\/folkingtons-british-summer-berries\/","title":{"rendered":"<span style=\"font-size: 23px; line-height:27px\">Folkington&#8217;s British summer berries<br>bax 12 x 250ml<\/span>"},"content":{"rendered":"<p><strong><span class=\"HwtZe\" lang=\"ro\"><span class=\"jCAhz ChMk0b\"><span class=\"ryNqvb\">Ingrediente:<\/span><\/span><\/span><\/strong><\/p>\n<p><span class=\"HwtZe\" lang=\"ro\"><span class=\"jCAhz ChMk0b\"><span class=\"ryNqvb\"> Apa, sucuri pure de fructe, nu din concentrat (zmeura 6,5%, capsuni 5,8%, coacaze negre 3,3%), sirop de struguri si mere.<\/span><\/span><\/span><\/p>\n<p><span class=\"HwtZe\" lang=\"ro\"> <span class=\"jCAhz ChMk0b\"><span class=\"ryNqvb\">\u00cendulcit natural \u0219i f\u0103r\u0103 adaos de zah\u0103r, conservan\u021bi sau aditivi <\/span><\/span><\/span><\/p>\n<p><span class=\"HwtZe\" lang=\"ro\"><span class=\"jCAhz ChMk0b\"><span class=\"ryNqvb\"><strong>Informa\u021bii nutri\u021bionale:<\/strong> <\/span><\/span><\/span><\/p>\n<p><span class=\"HwtZe\" lang=\"ro\"><span class=\"jCAhz ChMk0b\"><span class=\"ryNqvb\">valori tipice la 100 ml<\/span><\/span><\/span><\/p>\n<ul>\n<li style=\"text-align: left;\"><span class=\"HwtZe\" lang=\"ro\"> <span class=\"jCAhz\"><span class=\"ryNqvb\">Energie 194 kJ \/ 46 kcal<\/span><\/span><\/span><\/li>\n<li style=\"text-align: left;\"><span class=\"HwtZe\" lang=\"ro\"> <span class=\"jCAhz ChMk0b\"><span class=\"ryNqvb\">Grasimi 0,1 g<\/span><\/span><\/span><\/li>\n<li style=\"text-align: left;\"><span class=\"HwtZe\" lang=\"ro\"><span class=\"jCAhz ChMk0b\"><span class=\"ryNqvb\">Carbohidra\u021bi 11,2 g <\/span><\/span><span class=\"jCAhz ChMk0b\"><span class=\"ryNqvb\">\u2013 din care zah\u0103r 10,9 g <\/span><\/span><span class=\"jCAhz ChMk0b\"><span class=\"ryNqvb\">Proteine \u200b\u200b0,3 g<\/span><\/span><\/span><\/li>\n<li style=\"text-align: left;\"><span class=\"HwtZe\" lang=\"ro\"> <span class=\"jCAhz ChMk0b\"><span class=\"ryNqvb\">Sare &lt; 0,1 g<\/span><\/span><\/span><\/li>\n<li style=\"text-align: left;\"><span class=\"HwtZe\" lang=\"ro\"> <span class=\"jCAhz\"><span class=\"ryNqvb\">Sodiu &lt; 0,1 g<\/span><\/span><\/span><\/li>\n<\/ul>\n","protected":false},"excerpt":{"rendered":"<p>B\u0103utur\u0103 fructat\u0103 cu gust puternic de fructe de p\u0103dure amestecate, mai pu\u021bin dulce dec\u00e2t alte b\u0103uturi similare.<\/p>\n<p> <a class=\"more-link\" href=\"https:\/\/tao-foods.com\/shop\/product\/folkingtons-british-summer-berries\/\">Read more<\/a><\/p>","protected":false},"featured_media":429,"template":"","meta":[],"product_cat":[28],"product_tag":[],"class_list":{"0":"post-428","1":"product","2":"type-product","3":"status-publish","4":"has-post-thumbnail","6":"product_cat-folkingtons","8":"first","9":"instock","10":"shipping-taxable","11":"product-type-simple"},"_links":{"self":[{"href":"https:\/\/tao-foods.com\/shop\/wp-json\/wp\/v2\/product\/428","targetHints":{"allow":["GET"]}}],"collection":[{"href":"https:\/\/tao-foods.com\/shop\/wp-json\/wp\/v2\/product"}],"about":[{"href":"https:\/\/tao-foods.com\/shop\/wp-json\/wp\/v2\/types\/product"}],"wp:featuredmedia":[{"embeddable":true,"href":"https:\/\/tao-foods.com\/shop\/wp-json\/wp\/v2\/media\/429"}],"wp:attachment":[{"href":"https:\/\/tao-foods.com\/shop\/wp-json\/wp\/v2\/media?parent=428"}],"wp:term":[{"taxonomy":"product_cat","embeddable":true,"href":"https:\/\/tao-foods.com\/shop\/wp-json\/wp\/v2\/product_cat?post=428"},{"taxonomy":"product_tag","embeddable":true,"href":"https:\/\/tao-foods.com\/shop\/wp-json\/wp\/v2\/product_tag?post=428"}],"curies":[{"name":"wp","href":"https:\/\/api.w.org\/{rel}","templated":true}]}}