{"id":417,"date":"2024-11-28T18:51:57","date_gmt":"2024-11-28T18:51:57","guid":{"rendered":"https:\/\/tao-foods.com\/shop\/?post_type=product&#038;p=417"},"modified":"2025-10-20T12:33:56","modified_gmt":"2025-10-20T12:33:56","slug":"folkingtons-mango-juice-nectar","status":"publish","type":"product","link":"https:\/\/tao-foods.com\/shop\/product\/folkingtons-mango-juice-nectar\/","title":{"rendered":"<span style=\"font-size: 23px; line-height:27px\">Folkington&#8217;s Mango juice nectar<br>bax 12 x 250ml<\/span>"},"content":{"rendered":"<p><span class=\"HwtZe\" lang=\"ro\"><span class=\"jCAhz ChMk0b\"><span class=\"ryNqvb\"><strong>Ingrediente:<\/strong> <\/span><\/span><\/span><\/p>\n<p><span class=\"HwtZe\" lang=\"ro\"><span class=\"jCAhz ChMk0b\"><span class=\"ryNqvb\">Apa, suc de mango 38% pur Magdalena River (nu din concentrat), sirop de mere si struguri, suc de lamaie*, antioxidant: Vitamina C. *din concentrat pentru un plus de aciditate.<\/span><\/span> <\/span><\/p>\n<p><span class=\"HwtZe\" lang=\"ro\"><span class=\"jCAhz ChMk0b\"><span class=\"ryNqvb\">\u00cendulcit natural, f\u0103r\u0103 adaos de zah\u0103r, conservan\u021bi sau aditivi <\/span><\/span><\/span><\/p>\n<p><strong><span class=\"HwtZe\" lang=\"ro\"><span class=\"jCAhz ChMk0b\"><span class=\"ryNqvb\">Informa\u021bii nutri\u021bionale: <\/span><\/span><\/span><\/strong><\/p>\n<p><span class=\"HwtZe\" lang=\"ro\"><span class=\"jCAhz ChMk0b\"><span class=\"ryNqvb\"> valori tipice la 100 ml<\/span><\/span><\/span><\/p>\n<ul>\n<li style=\"text-align: left;\"><span class=\"HwtZe\" lang=\"ro\"> <span class=\"jCAhz ChMk0b\"><span class=\"ryNqvb\">Energie 234 kJ \/ 56 kcal<\/span><\/span><\/span><\/li>\n<li style=\"text-align: left;\"><span class=\"HwtZe\" lang=\"ro\"> <span class=\"jCAhz ChMk0b\"><span class=\"ryNqvb\">Grasimi &lt; 0,1 g <\/span><\/span><span class=\"jCAhz ChMk0b\"><span class=\"ryNqvb\">\u2013 din care saturate &lt; 0,1 g <\/span><\/span><\/span><\/li>\n<li style=\"text-align: left;\"><span class=\"HwtZe\" lang=\"ro\"><span class=\"jCAhz ChMk0b\"><span class=\"ryNqvb\">Carbohidra\u021bi 13,2 g <\/span><\/span><span class=\"jCAhz ChMk0b\"><span class=\"ryNqvb\">\u2013 din care zaharuri 9,5 g <\/span><\/span><span class=\"jCAhz ChMk0b\"><span class=\"ryNqvb\">Proteine \u200b\u200b0,6 g<\/span><\/span><\/span><\/li>\n<li style=\"text-align: left;\"><span class=\"HwtZe\" lang=\"ro\"> <span class=\"jCAhz\"><span class=\"ryNqvb\">Sare &lt; 0,1 g<\/span><\/span><\/span><\/li>\n<li style=\"text-align: left;\"><span class=\"HwtZe\" lang=\"ro\"> <span class=\"jCAhz\"><span class=\"ryNqvb\">Sodiu &lt; 0,1 g<\/span><\/span><\/span><\/li>\n<\/ul>\n","protected":false},"excerpt":{"rendered":"<p>Mango proasp\u0103t cremos \u0219i gros.<\/p>\n<p> <a class=\"more-link\" href=\"https:\/\/tao-foods.com\/shop\/product\/folkingtons-mango-juice-nectar\/\">Read more<\/a><\/p>","protected":false},"featured_media":419,"template":"","meta":[],"product_cat":[28],"product_tag":[],"class_list":{"0":"post-417","1":"product","2":"type-product","3":"status-publish","4":"has-post-thumbnail","6":"product_cat-folkingtons","8":"first","9":"instock","10":"shipping-taxable","11":"product-type-simple"},"_links":{"self":[{"href":"https:\/\/tao-foods.com\/shop\/wp-json\/wp\/v2\/product\/417","targetHints":{"allow":["GET"]}}],"collection":[{"href":"https:\/\/tao-foods.com\/shop\/wp-json\/wp\/v2\/product"}],"about":[{"href":"https:\/\/tao-foods.com\/shop\/wp-json\/wp\/v2\/types\/product"}],"wp:featuredmedia":[{"embeddable":true,"href":"https:\/\/tao-foods.com\/shop\/wp-json\/wp\/v2\/media\/419"}],"wp:attachment":[{"href":"https:\/\/tao-foods.com\/shop\/wp-json\/wp\/v2\/media?parent=417"}],"wp:term":[{"taxonomy":"product_cat","embeddable":true,"href":"https:\/\/tao-foods.com\/shop\/wp-json\/wp\/v2\/product_cat?post=417"},{"taxonomy":"product_tag","embeddable":true,"href":"https:\/\/tao-foods.com\/shop\/wp-json\/wp\/v2\/product_tag?post=417"}],"curies":[{"name":"wp","href":"https:\/\/api.w.org\/{rel}","templated":true}]}}