{"id":415,"date":"2024-11-28T18:47:13","date_gmt":"2024-11-28T18:47:13","guid":{"rendered":"https:\/\/tao-foods.com\/shop\/?post_type=product&#038;p=415"},"modified":"2025-10-20T12:35:29","modified_gmt":"2025-10-20T12:35:29","slug":"ritchie-lemon-with-raspberry","status":"publish","type":"product","link":"https:\/\/tao-foods.com\/shop\/product\/ritchie-lemon-with-raspberry\/","title":{"rendered":"<span style=\"font-size: 23px; line-height:27px\">Ritchie Lemon with raspberry<br>bax 24 x 275ml<\/span>"},"content":{"rendered":"<p><strong><span class=\"HwtZe\" lang=\"ro\"><span class=\"jCAhz ChMk0b\"><span class=\"ryNqvb\">Ingrediente:<\/span><\/span><\/span><\/strong><\/p>\n<p><span class=\"HwtZe\" lang=\"ro\"> <span class=\"jCAhz ChMk0b\"><span class=\"ryNqvb\">Ap\u0103 carbogazoas\u0103, suc de fructe (L\u0103m\u00e2ie 20%, Zmeur\u0103 0,1%) din concentrat, zah\u0103r din trestie, arome naturale, colorant natural: Beta-Caroten, Extract de cartof dulce violet Stabilizatori: celuloz\u0103 natural\u0103. <\/span><\/span><\/span><\/p>\n<p><span class=\"HwtZe\" lang=\"ro\"><strong><span class=\"jCAhz ChMk0b\"><span class=\"ryNqvb\">Informa\u021bii nutri\u021bionale:<\/span><\/span><\/strong><\/span><\/p>\n<p><span class=\"HwtZe\" lang=\"ro\"><span class=\"jCAhz ChMk0b\"><span class=\"ryNqvb\">la 100 ml <\/span><\/span><\/span><\/p>\n<ul>\n<li style=\"text-align: left;\"><span class=\"HwtZe\" lang=\"ro\"><span class=\"jCAhz\"><span class=\"ryNqvb\">Energie: 138kj \/ 33 kcal <\/span><\/span><\/span><\/li>\n<li style=\"text-align: left;\"><span class=\"HwtZe\" lang=\"ro\"><span class=\"jCAhz ChMk0b\"><span class=\"ryNqvb\">Gr\u0103simi: 0 g<\/span><\/span><\/span><\/li>\n<li style=\"text-align: left;\"><span class=\"HwtZe\" lang=\"ro\"> <span class=\"jCAhz ChMk0b\"><span class=\"ryNqvb\">Gr\u0103simi saturate: 0 g<\/span><\/span><\/span><\/li>\n<li style=\"text-align: left;\"><span class=\"HwtZe\" lang=\"ro\"><span class=\"jCAhz ChMk0b\"><span class=\"ryNqvb\">Carbohidra\u021bi: 8,1 g <\/span><\/span><\/span><\/li>\n<li style=\"text-align: left;\"><span class=\"HwtZe\" lang=\"ro\"><span class=\"jCAhz ChMk0b\"><span class=\"ryNqvb\">Zaharuri: 8,1 g <\/span><\/span><\/span><\/li>\n<li style=\"text-align: left;\"><span class=\"HwtZe\" lang=\"ro\"><span class=\"jCAhz ChMk0b\"><span class=\"ryNqvb\">Proteine: 0 g <\/span><\/span><\/span><\/li>\n<li style=\"text-align: left;\"><span class=\"HwtZe\" lang=\"ro\"><span class=\"jCAhz\"><span class=\"ryNqvb\">Sare: 0 g<\/span><\/span><\/span><\/li>\n<\/ul>\n","protected":false},"excerpt":{"rendered":"<p>Lua\u021bi o doz\u0103 generoas\u0103 de suc de l\u0103m\u00e2ie, amesteca\u021bi pu\u021bin suc de zmeur\u0103, ad\u0103uga\u021biapa minerala \u0219i ob\u021bine\u021bi o adorabil\u0103 limonada roz, care este acidulat\u0103, aromat\u0103 \u0219i minunat de r\u0103coritoare! Salut\u0103ri de la Ritchie.<\/p>\n<p> <a class=\"more-link\" href=\"https:\/\/tao-foods.com\/shop\/product\/ritchie-lemon-with-raspberry\/\">Read more<\/a><\/p>","protected":false},"featured_media":545,"template":"","meta":[],"product_cat":[23],"product_tag":[],"class_list":{"0":"post-415","1":"product","2":"type-product","3":"status-publish","4":"has-post-thumbnail","6":"product_cat-ritchie","8":"first","9":"instock","10":"shipping-taxable","11":"product-type-simple"},"_links":{"self":[{"href":"https:\/\/tao-foods.com\/shop\/wp-json\/wp\/v2\/product\/415","targetHints":{"allow":["GET"]}}],"collection":[{"href":"https:\/\/tao-foods.com\/shop\/wp-json\/wp\/v2\/product"}],"about":[{"href":"https:\/\/tao-foods.com\/shop\/wp-json\/wp\/v2\/types\/product"}],"wp:featuredmedia":[{"embeddable":true,"href":"https:\/\/tao-foods.com\/shop\/wp-json\/wp\/v2\/media\/545"}],"wp:attachment":[{"href":"https:\/\/tao-foods.com\/shop\/wp-json\/wp\/v2\/media?parent=415"}],"wp:term":[{"taxonomy":"product_cat","embeddable":true,"href":"https:\/\/tao-foods.com\/shop\/wp-json\/wp\/v2\/product_cat?post=415"},{"taxonomy":"product_tag","embeddable":true,"href":"https:\/\/tao-foods.com\/shop\/wp-json\/wp\/v2\/product_tag?post=415"}],"curies":[{"name":"wp","href":"https:\/\/api.w.org\/{rel}","templated":true}]}}