{"id":413,"date":"2024-11-28T18:44:45","date_gmt":"2024-11-28T18:44:45","guid":{"rendered":"https:\/\/tao-foods.com\/shop\/?post_type=product&#038;p=413"},"modified":"2025-10-20T12:35:35","modified_gmt":"2025-10-20T12:35:35","slug":"ritchie-lemon-ginge","status":"publish","type":"product","link":"https:\/\/tao-foods.com\/shop\/product\/ritchie-lemon-ginge\/","title":{"rendered":"<span style=\"font-size: 23px; line-height:27px\">Ritchie Lemon &#038; Ginger<br>bax 24 x 275ml<\/span>"},"content":{"rendered":"<p><strong><span class=\"HwtZe\" lang=\"ro\"><span class=\"jCAhz ChMk0b\"><span class=\"ryNqvb\">Ingrediente: <\/span><\/span><\/span><\/strong><\/p>\n<p><span class=\"HwtZe\" lang=\"ro\"><span class=\"jCAhz ChMk0b\"><span class=\"ryNqvb\">Ap\u0103 carbogazoas\u0103, suc de fructe (L\u0103m\u00e2ie 20%, Ghimbir 0,1%) din concentrat, zah\u0103r din trestie, extract natural de cardamom, arome naturale, Stabilizatori: celuloz\u0103 natural\u0103. <\/span><\/span><\/span><\/p>\n<p><strong><span class=\"HwtZe\" lang=\"ro\"><span class=\"jCAhz ChMk0b\"><span class=\"ryNqvb\">Informa\u021bii nutri\u021bionale:<\/span><\/span><\/span><\/strong><\/p>\n<p><span class=\"HwtZe\" lang=\"ro\"><span class=\"jCAhz ChMk0b\"><span class=\"ryNqvb\">la 100 ml <\/span><\/span><\/span><\/p>\n<ul>\n<li style=\"text-align: left;\"><span class=\"HwtZe\" lang=\"ro\"><span class=\"jCAhz ChMk0b\"><span class=\"ryNqvb\">Energie: 146 kj \/ 34 kcal <\/span><\/span><\/span><\/li>\n<li style=\"text-align: left;\"><span class=\"HwtZe\" lang=\"ro\"><span class=\"jCAhz ChMk0b\"><span class=\"ryNqvb\">Gr\u0103simi: 0 g <\/span><\/span><span class=\"jCAhz ChMk0b\"><span class=\"ryNqvb\">Gr\u0103simi saturate: 0 g <\/span><\/span><\/span><\/li>\n<li style=\"text-align: left;\"><span class=\"HwtZe\" lang=\"ro\"><span class=\"jCAhz ChMk0b\"><span class=\"ryNqvb\">Carbohidra\u021bi: 8,6 g <\/span><\/span><\/span><\/li>\n<li style=\"text-align: left;\"><span class=\"HwtZe\" lang=\"ro\"><span class=\"jCAhz ChMk0b\"><span class=\"ryNqvb\">Zaharuri: 8,6 g <\/span><\/span><\/span><\/li>\n<li style=\"text-align: left;\"><span class=\"HwtZe\" lang=\"ro\"><span class=\"jCAhz ChMk0b\"><span class=\"ryNqvb\">Proteine: 0 g<\/span><\/span><\/span><\/li>\n<li style=\"text-align: left;\"><span class=\"HwtZe\" lang=\"ro\"> <span class=\"jCAhz ChMk0b\"><span class=\"ryNqvb\">Sare: 0 g<\/span><\/span><\/span><\/li>\n<\/ul>\n","protected":false},"excerpt":{"rendered":"<p>Experimenta\u021bi acestui trio 100% natural cu un\u00a0 gust surprinz\u0103tor: l\u0103m\u00e2ie acidulat\u0103, ghimbir picant \u0219i atingerea cald\u0103 \u0219i exotic\u0103 a cardamomului.<\/p>\n<p> <a class=\"more-link\" href=\"https:\/\/tao-foods.com\/shop\/product\/ritchie-lemon-ginge\/\">Read more<\/a><\/p>","protected":false},"featured_media":547,"template":"","meta":[],"product_cat":[23],"product_tag":[],"class_list":{"0":"post-413","1":"product","2":"type-product","3":"status-publish","4":"has-post-thumbnail","6":"product_cat-ritchie","8":"first","9":"instock","10":"shipping-taxable","11":"product-type-simple"},"_links":{"self":[{"href":"https:\/\/tao-foods.com\/shop\/wp-json\/wp\/v2\/product\/413","targetHints":{"allow":["GET"]}}],"collection":[{"href":"https:\/\/tao-foods.com\/shop\/wp-json\/wp\/v2\/product"}],"about":[{"href":"https:\/\/tao-foods.com\/shop\/wp-json\/wp\/v2\/types\/product"}],"wp:featuredmedia":[{"embeddable":true,"href":"https:\/\/tao-foods.com\/shop\/wp-json\/wp\/v2\/media\/547"}],"wp:attachment":[{"href":"https:\/\/tao-foods.com\/shop\/wp-json\/wp\/v2\/media?parent=413"}],"wp:term":[{"taxonomy":"product_cat","embeddable":true,"href":"https:\/\/tao-foods.com\/shop\/wp-json\/wp\/v2\/product_cat?post=413"},{"taxonomy":"product_tag","embeddable":true,"href":"https:\/\/tao-foods.com\/shop\/wp-json\/wp\/v2\/product_tag?post=413"}],"curies":[{"name":"wp","href":"https:\/\/api.w.org\/{rel}","templated":true}]}}