{"id":410,"date":"2024-11-28T18:43:08","date_gmt":"2024-11-28T18:43:08","guid":{"rendered":"https:\/\/tao-foods.com\/shop\/?post_type=product&#038;p=410"},"modified":"2025-10-20T12:35:40","modified_gmt":"2025-10-20T12:35:40","slug":"ritchie-cola-zero","status":"publish","type":"product","link":"https:\/\/tao-foods.com\/shop\/product\/ritchie-cola-zero\/","title":{"rendered":"<span style=\"font-size: 23px; line-height:27px\">Ritchie Cola Zero<br>bax 24 x 275ml<\/span>"},"content":{"rendered":"<p><span class=\"HwtZe\" lang=\"ro\"><span class=\"jCAhz ChMk0b\"><span class=\"ryNqvb\"><strong>Ingrediente:<\/strong> <\/span><\/span><\/span><\/p>\n<p><span class=\"HwtZe\" lang=\"ro\"><span class=\"jCAhz ChMk0b\"><span class=\"ryNqvb\">Ap\u0103 gazoas\u0103, sucuri de fructe (suc de mere fermentat f\u0103r\u0103 alcool 2%, suc de l\u0103m\u00e2ie 1%) din concentrat, \u00eendulcitori: eritritol \u0219i steviol glicozid, sucraloz\u0103, extract natural de nuc\u0103 de cola, cofein\u0103 natural\u0103, arome naturale, colorant natural: mal\u021b de orz \/ con\u021bine gluten.<\/span><\/span><\/span><\/p>\n<p><span class=\"HwtZe\" lang=\"ro\"> <span class=\"jCAhz ChMk0b\"><span class=\"ryNqvb\"><strong>Informa\u021bii nutri\u021bionale:<\/strong> <\/span><\/span><\/span><\/p>\n<p><span class=\"HwtZe\" lang=\"ro\"><span class=\"jCAhz ChMk0b\"><span class=\"ryNqvb\">la 100 ml <\/span><\/span><\/span><\/p>\n<ul>\n<li style=\"text-align: left;\"><span class=\"HwtZe\" lang=\"ro\"><span class=\"jCAhz ChMk0b\"><span class=\"ryNqvb\">Energie: 2,9kj \/ 0,7 kcal <\/span><\/span><\/span><\/li>\n<li style=\"text-align: left;\"><span class=\"HwtZe\" lang=\"ro\"><span class=\"jCAhz ChMk0b\"><span class=\"ryNqvb\">Gr\u0103simi: 0 g <\/span><\/span><\/span><\/li>\n<li style=\"text-align: left;\"><span class=\"HwtZe\" lang=\"ro\"><span class=\"jCAhz ChMk0b\"><span class=\"ryNqvb\">Gr\u0103simi saturate: 0 g <\/span><\/span><\/span><\/li>\n<li style=\"text-align: left;\"><span class=\"HwtZe\" lang=\"ro\"><span class=\"jCAhz ChMk0b\"><span class=\"ryNqvb\">Carbohidra\u021bi: 0 g <\/span><\/span><\/span><\/li>\n<li style=\"text-align: left;\"><span class=\"HwtZe\" lang=\"ro\"><span class=\"jCAhz ChMk0b\"><span class=\"ryNqvb\">Zaharuri: 0 g <\/span><\/span><\/span><\/li>\n<li style=\"text-align: left;\"><span class=\"HwtZe\" lang=\"ro\"><span class=\"jCAhz ChMk0b\"><span class=\"ryNqvb\">Proteine: 0 g <\/span><\/span><\/span><\/li>\n<li style=\"text-align: left;\"><span class=\"HwtZe\" lang=\"ro\"><span class=\"jCAhz\"><span class=\"ryNqvb\">Sare: 0 g<\/span><\/span><\/span><\/li>\n<\/ul>\n","protected":false},"excerpt":{"rendered":"<p>Pentru cei con\u0219tien\u021bi de calorii, exist\u0103 Ritchie cola zero zah\u0103r. Fara caramel artificial, acid fosforic, aspartam si acesulfam-K. Ritchie cola zero produs\u0103 din ingrediente aproape 100% naturale.<\/p>\n<p> <a class=\"more-link\" href=\"https:\/\/tao-foods.com\/shop\/product\/ritchie-cola-zero\/\">Read more<\/a><\/p>","protected":false},"featured_media":549,"template":"","meta":[],"product_cat":[23],"product_tag":[],"class_list":{"0":"post-410","1":"product","2":"type-product","3":"status-publish","4":"has-post-thumbnail","6":"product_cat-ritchie","8":"first","9":"instock","10":"shipping-taxable","11":"product-type-simple"},"_links":{"self":[{"href":"https:\/\/tao-foods.com\/shop\/wp-json\/wp\/v2\/product\/410","targetHints":{"allow":["GET"]}}],"collection":[{"href":"https:\/\/tao-foods.com\/shop\/wp-json\/wp\/v2\/product"}],"about":[{"href":"https:\/\/tao-foods.com\/shop\/wp-json\/wp\/v2\/types\/product"}],"wp:featuredmedia":[{"embeddable":true,"href":"https:\/\/tao-foods.com\/shop\/wp-json\/wp\/v2\/media\/549"}],"wp:attachment":[{"href":"https:\/\/tao-foods.com\/shop\/wp-json\/wp\/v2\/media?parent=410"}],"wp:term":[{"taxonomy":"product_cat","embeddable":true,"href":"https:\/\/tao-foods.com\/shop\/wp-json\/wp\/v2\/product_cat?post=410"},{"taxonomy":"product_tag","embeddable":true,"href":"https:\/\/tao-foods.com\/shop\/wp-json\/wp\/v2\/product_tag?post=410"}],"curies":[{"name":"wp","href":"https:\/\/api.w.org\/{rel}","templated":true}]}}