{"id":254,"date":"2024-11-19T14:48:14","date_gmt":"2024-11-19T14:48:14","guid":{"rendered":"https:\/\/tao-foods.com\/shop\/?post_type=product&#038;p=254"},"modified":"2025-10-20T12:24:45","modified_gmt":"2025-10-20T12:24:45","slug":"double-dutch-pomegranatebasil","status":"publish","type":"product","link":"https:\/\/tao-foods.com\/shop\/product\/double-dutch-pomegranatebasil\/","title":{"rendered":"<span style=\"font-size: 23px; line-height:27px\">Double Dutch Pomegranate &#038; Basil<br>bax 24 x 200ml<\/span>"},"content":{"rendered":"<p><strong><span class=\"HwtZe\" lang=\"ro\"><span class=\"jCAhz ChMk0b\"><span class=\"ryNqvb\">Ingrediente:<\/span><\/span><\/span><\/strong><\/p>\n<p><span class=\"HwtZe\" lang=\"ro\"><span class=\"jCAhz ChMk0b\"><span class=\"ryNqvb\"> apa carbogazoasa, zahar, arome naturale, acid: acid citric, antioxidant: acid ascorbic<\/span><\/span><\/span><\/p>\n<p><strong><span class=\"HwtZe\" lang=\"ro\"><span class=\"jCAhz ChMk0b\"><span class=\"ryNqvb\">Informa\u021bii nutri\u021bionale: <\/span><\/span><\/span><\/strong><\/p>\n<p><span class=\"HwtZe\" lang=\"ro\"><span class=\"jCAhz ChMk0b\"><span class=\"ryNqvb\">Valori tipice per 100 ml:<\/span><\/span><\/span><\/p>\n<ul>\n<li style=\"text-align: left;\"><span class=\"HwtZe\" lang=\"ro\"><span class=\"jCAhz ChMk0b\"><span class=\"ryNqvb\"> Energie 81 kJ\/19 kcal<\/span><\/span><\/span><\/li>\n<li style=\"text-align: left;\"><span class=\"HwtZe\" lang=\"ro\"><span class=\"jCAhz ChMk0b\"><span class=\"ryNqvb\"> Gr\u0103simi 0,0 g (din care acid\u0103 saturat\u0103 0,0 g)<\/span><\/span><\/span><\/li>\n<li style=\"text-align: left;\"><span class=\"HwtZe\" lang=\"ro\"><span class=\"jCAhz ChMk0b\"><span class=\"ryNqvb\"> Carbohidra\u021bi 4,5 g (din care zaharuri 4,5 g, din care amidon &lt;0,1 g)<\/span><\/span><\/span><\/li>\n<li style=\"text-align: left;\"><span class=\"HwtZe\" lang=\"ro\"><span class=\"jCAhz ChMk0b\"><span class=\"ryNqvb\"> Proteine \u200b\u200b0,0 g<\/span><\/span><\/span><\/li>\n<li style=\"text-align: left;\"><span class=\"HwtZe\" lang=\"ro\"><span class=\"jCAhz ChMk0b\"><span class=\"ryNqvb\"> Sare 0,0 g<\/span><\/span>\u00a0<span class=\"jCAhz\"><span class=\"ryNqvb\"><br \/>\n<\/span><\/span><\/span><\/li>\n<\/ul>\n","protected":false},"excerpt":{"rendered":"<p>Pomegranate &amp; Basil Mixer \u2013 an epic combination of Mediterranean flavours. Pomegranate blends sweet and tart, giving body to cocktails, making this fruit a truly mythic mixer. Combined with basil, in a warm and peppery partnership, it delivers complex, enticing flavours that add depth to any drink. Glorious with herbal gin, it also enlivens mezcal and is vivacious with vermouth.<\/p>\n<p> <a class=\"more-link\" href=\"https:\/\/tao-foods.com\/shop\/product\/double-dutch-pomegranatebasil\/\">Read more<\/a><\/p>","protected":false},"featured_media":255,"template":"","meta":[],"product_cat":[22],"product_tag":[],"class_list":{"0":"post-254","1":"product","2":"type-product","3":"status-publish","4":"has-post-thumbnail","6":"product_cat-double-dutch","8":"first","9":"instock","10":"shipping-taxable","11":"product-type-simple"},"_links":{"self":[{"href":"https:\/\/tao-foods.com\/shop\/wp-json\/wp\/v2\/product\/254","targetHints":{"allow":["GET"]}}],"collection":[{"href":"https:\/\/tao-foods.com\/shop\/wp-json\/wp\/v2\/product"}],"about":[{"href":"https:\/\/tao-foods.com\/shop\/wp-json\/wp\/v2\/types\/product"}],"wp:featuredmedia":[{"embeddable":true,"href":"https:\/\/tao-foods.com\/shop\/wp-json\/wp\/v2\/media\/255"}],"wp:attachment":[{"href":"https:\/\/tao-foods.com\/shop\/wp-json\/wp\/v2\/media?parent=254"}],"wp:term":[{"taxonomy":"product_cat","embeddable":true,"href":"https:\/\/tao-foods.com\/shop\/wp-json\/wp\/v2\/product_cat?post=254"},{"taxonomy":"product_tag","embeddable":true,"href":"https:\/\/tao-foods.com\/shop\/wp-json\/wp\/v2\/product_tag?post=254"}],"curies":[{"name":"wp","href":"https:\/\/api.w.org\/{rel}","templated":true}]}}