{"id":247,"date":"2024-11-19T14:32:36","date_gmt":"2024-11-19T14:32:36","guid":{"rendered":"https:\/\/tao-foods.com\/shop\/?post_type=product&#038;p=247"},"modified":"2025-10-20T12:32:56","modified_gmt":"2025-10-20T12:32:56","slug":"double-dutch-skinny-tonic-water","status":"publish","type":"product","link":"https:\/\/tao-foods.com\/shop\/product\/double-dutch-skinny-tonic-water\/","title":{"rendered":"<span style=\"font-size: 23px; line-height:27px\">Double Dutch Skinny Tonic Water<br>bax 24 x 200ml<\/span>"},"content":{"rendered":"<p><strong><span class=\"HwtZe\" lang=\"ro\"><span class=\"jCAhz ChMk0b\"><span class=\"ryNqvb\">Ingrediente:<\/span><\/span><\/span><\/strong><\/p>\n<p><span class=\"HwtZe\" lang=\"ro\"><span class=\"jCAhz ChMk0b\"><span class=\"ryNqvb\"> ap\u0103 carbogazoas\u0103, arome naturale, acid: acid citric, chinin\u0103, fructoz\u0103<\/span><\/span><\/span><\/p>\n<p><strong><span class=\"HwtZe\" lang=\"ro\"><span class=\"jCAhz ChMk0b\"><span class=\"ryNqvb\">Informa\u021bii nutri\u021bionale:<\/span><\/span><\/span><\/strong><\/p>\n<p><span class=\"HwtZe\" lang=\"ro\"><span class=\"jCAhz ChMk0b\"><span class=\"ryNqvb\"> Valori tipice per 100ml:<\/span><\/span><\/span><\/p>\n<ul>\n<li style=\"text-align: left;\"><span class=\"HwtZe\" lang=\"ro\"><span class=\"jCAhz ChMk0b\"><span class=\"ryNqvb\"> Energie 851kJ\/19kcals<\/span><\/span><\/span><\/li>\n<li style=\"text-align: left;\"><span class=\"HwtZe\" lang=\"ro\"><span class=\"jCAhz ChMk0b\"><span class=\"ryNqvb\"> Lipide 0g (din care saturate 0g)<\/span><\/span><\/span><\/li>\n<li style=\"text-align: left;\"><span class=\"HwtZe\" lang=\"ro\"><span class=\"jCAhz ChMk0b\"><span class=\"ryNqvb\"> Carbohidra\u021bi 4,4g (din care zaharuri 4,4g)<\/span><\/span><\/span><\/li>\n<li style=\"text-align: left;\"><span class=\"HwtZe\" lang=\"ro\"><span class=\"jCAhz ChMk0b\"><span class=\"ryNqvb\"> Proteine \u200b\u200b0g<\/span><\/span><\/span><\/li>\n<li style=\"text-align: left;\"><span class=\"HwtZe\" lang=\"ro\"><span class=\"jCAhz ChMk0b\"><span class=\"ryNqvb\"> Sare 0g<br \/>\n<\/span><\/span><\/span><\/li>\n<\/ul>\n","protected":false},"excerpt":{"rendered":"<p>Skinny Tonic Water \u2013 satisfaction guaranteed Skinny doesn\u2019t have to mean lightweight! Much more than just a lighter option \u2013 containing less sugar than standard tonic water, it\u2019s deliciously satisfying drunk straight up. With pink grapefruit and juniper berry rounding out the crispness of quinine, it adds a zest that makes every drink sparkle.<\/p>\n<p> <a class=\"more-link\" href=\"https:\/\/tao-foods.com\/shop\/product\/double-dutch-skinny-tonic-water\/\">Read more<\/a><\/p>","protected":false},"featured_media":337,"template":"","meta":[],"product_cat":[22],"product_tag":[],"class_list":{"0":"post-247","1":"product","2":"type-product","3":"status-publish","4":"has-post-thumbnail","6":"product_cat-double-dutch","8":"first","9":"instock","10":"shipping-taxable","11":"product-type-simple"},"_links":{"self":[{"href":"https:\/\/tao-foods.com\/shop\/wp-json\/wp\/v2\/product\/247","targetHints":{"allow":["GET"]}}],"collection":[{"href":"https:\/\/tao-foods.com\/shop\/wp-json\/wp\/v2\/product"}],"about":[{"href":"https:\/\/tao-foods.com\/shop\/wp-json\/wp\/v2\/types\/product"}],"wp:featuredmedia":[{"embeddable":true,"href":"https:\/\/tao-foods.com\/shop\/wp-json\/wp\/v2\/media\/337"}],"wp:attachment":[{"href":"https:\/\/tao-foods.com\/shop\/wp-json\/wp\/v2\/media?parent=247"}],"wp:term":[{"taxonomy":"product_cat","embeddable":true,"href":"https:\/\/tao-foods.com\/shop\/wp-json\/wp\/v2\/product_cat?post=247"},{"taxonomy":"product_tag","embeddable":true,"href":"https:\/\/tao-foods.com\/shop\/wp-json\/wp\/v2\/product_tag?post=247"}],"curies":[{"name":"wp","href":"https:\/\/api.w.org\/{rel}","templated":true}]}}