{"id":3,"date":"2024-11-13T10:20:38","date_gmt":"2024-11-13T10:20:38","guid":{"rendered":"https:\/\/tao-foods.com\/shop\/?page_id=3"},"modified":"2025-01-24T18:07:54","modified_gmt":"2025-01-24T18:07:54","slug":"politica","status":"publish","type":"page","link":"https:\/\/tao-foods.com\/shop\/politica\/","title":{"rendered":"Politica de Confidentialitate"},"content":{"rendered":"\t\t<div data-elementor-type=\"wp-page\" data-elementor-id=\"3\" class=\"elementor elementor-3\">\n\t\t\t\t<div class=\"elementor-element elementor-element-483c4a07 e-flex e-con-boxed e-con e-parent\" data-id=\"483c4a07\" data-element_type=\"container\">\n\t\t\t\t\t<div class=\"e-con-inner\">\n\t\t\t\t<div class=\"elementor-element elementor-element-733e7c1e elementor-widget elementor-widget-text-editor\" data-id=\"733e7c1e\" data-element_type=\"widget\" data-widget_type=\"text-editor.default\">\n\t\t\t\t<div class=\"elementor-widget-container\">\n\t\t\t\t\t\t\t<div style=\"text-align: left;\">\n<h2>Politica de Confidentialitate<\/h2>\n<strong>1.<\/strong> Site-ul www.tao-foods.com asigur\u0103 protec\u021bia drepturilor \u0219i libert\u0103\u021bilor fundamentale ale persoanelor fizice \u0219i \u00een special a dreptului la protec\u021bia datelor cu caracter personal, \u00een conformitate cu Regulamentul European cunoscut sub denumirea de GDPR.<br>\n<strong>2.<\/strong> Date cu caracter personal \u00eenseamn\u0103 orice informa\u021bii privind o persoan\u0103 fizic\u0103 identificat\u0103 sau identificabil\u0103, o persoan\u0103 fizic\u0103 identificabil\u0103 este o persoan\u0103 care poate fi identificat\u0103, direct sau indirect, \u00een special prin referire la un element de identificare, cum ar fi un nume, un num\u0103r de identificare, date de localizare, un identificator online, sau la unul sau mai multe elemente specifice, proprii identit\u0103\u021bii sale fizice, fiziologice, genetice, psihice, economice, culturale sau sociale.\n<br><strong>3.<\/strong> Site-ul www.tao-foods.com are acces la urm\u0103toarele date ale utilizatorilor, o dat\u0103 ce ace\u0219tia \u00ee\u0219i dau acordul prin bifarea consim\u021b\u0103m\u00e2ntului expres: nume, prenume, telefon, adresa e-mail, \u00een cazul persoanelor fizice care completeaz\u0103 formularul de la sec\u021biunea <strong>Contact<\/strong>.\n<br><strong>4.<\/strong> Aceste date personale colectate de c\u0103tre site sunt stocate \u00een condi\u021bii de securitate \u0219i nu sunt prelucrate \u00een alt scop dec\u00e2t cel prev\u0103zut expres de site (ofertare, facturare \u0219i contractare) sau \u00een scopul acord\u0103rii de premii, a\u0219a cum se reg\u0103se\u0219te \u00een mod detaliat \u00een regulamentul fiec\u0103rei promo\u021bii \u00een parte.\n<br><strong>5.<\/strong> Dac\u0103 utilizatorul semneaz\u0103 \u00eencheierea unui contract \u00een scopuri comerciale, atunci furnizarea datelor personale de c\u0103tre acesta se face \u00een vederea execut\u0103rii \u00eentocmai a contractului \u0219i vor fi prelucrate exclusiv \u00een acest scop.\n<br><strong>6.<\/strong> Temeiul juridic al prelucr\u0103rii datelor \u00eel constituie r\u0103spunderea la solicit\u0103rile venite \u00een formularul de Contact. Ca urmare a acestor solicit\u0103ri, putem oferi diverse informa\u021bii ce fac referire la societatea noastr\u0103, la preturile afisate \u0219i la modul de lucru privind livrarea produselor comandate.\n<br><strong>7.<\/strong> Societatea noastr\u0103 nu este autorizat\u0103 sa transmit\u0103 ter\u021belor persoane datele personale transmise de c\u0103tre utilizator dec\u00e2t cu scopul men\u021bionat la punctul 4.\n<br><strong>8.<\/strong> Societatea noastr\u0103 prime\u0219te date personale precum nume, prenume, e-mail, numar de telefon si colaboreaza cu Google Analytics, Google AdWords sau Facebook Ads, pentru livrarea de anun\u021buri publicitare (reclame) \u00een scop de marketing.\n<br><strong>9.<\/strong> Datele cu caracter personal sunt prelucrate \u00een mod legal, echitabil \u0219i transparent fa\u021b\u0103 de utilizator. Ele se rezum\u0103 la a fi adecvate, relevante \u0219i limitate la ceea ce este necesar \u00een raport cu scopurile \u00een care sunt prelucrate.\n<br><strong>10.<\/strong> Datele cu caracter personal sunt p\u0103strate \u00eentr-o form\u0103 care permite identificarea utilizatorilor pe o perioad\u0103 care nu dep\u0103\u0219e\u0219te perioada necesar\u0103 \u00eendeplinirii scopurilor \u00een care acestea sunt prelucrate.\n<br><strong>11.<\/strong> Utilizatorul are dreptul s\u0103 \u00ee\u0219i retrag\u0103 \u00een orice moment consim\u021b\u0103m\u00e2ntul. Retragerea consim\u021b\u0103m\u00e2ntului nu afecteaz\u0103 legalitatea prelucr\u0103rii efectuate \u00een baza consim\u021b\u0103m\u00e2ntului \u00eenainte de retragerea acestuia.\n<strong>12.<\/strong> Societatea noastr\u0103 furnizeaz\u0103 utilizatorului informa\u021bii privind ac\u021biunile \u00eentreprinse asupra datelor personale \u00een urma complet\u0103rii formularului de contact de c\u0103tre utilizator.\n<br><strong>13.<\/strong> Utilizatorul are dreptul de a solicita, \u00een ceea ce prive\u0219te datele cu caracter personal, accesul la acestea, rectificarea sau \u0219tergerea acestora sau restric\u021bionarea prelucr\u0103rii sau a dreptului de a se opune prelucr\u0103rii, precum \u0219i a dreptului la portabilitatea datelor, \u00een conformitate cu GDPR (Dreptul la portabilitatea datelor, Utilizatorul are dreptul de a primi datele cu caracter personal care \u00eel privesc \u0219i pe care le-a furnizat operatorului \u00eentr-un format structurat, utilizat \u00een mod curent \u0219i care poate fi citit automat \u0219i are dreptul de a transmite aceste date altui operator, f\u0103r\u0103 obstacole din partea operatorului c\u0103ruia i-au fost furnizate datele cu caracter personal).\n<br><strong>14.<\/strong> Utilizatorul\/clientul are dreptul de a ob\u021bine din partea societ\u0103\u021bii o confirmare c\u0103 se prelucreaz\u0103 sau nu datele cu caracter personal transmise \u0219i, \u00een caz afirmativ, acces la datele respective, precum \u0219i la alte informa\u021bii legate de prelucrarea acestora, la cerere.\n<br><strong>15.<\/strong> \u00cen orice moment, utilizatorul\/ clientul are dreptul de a se opune, din motive legate de situa\u021bia particular\u0103 \u00een care se afl\u0103, prelucr\u0103rii datelor cu caracter personal care \u00eel privesc.\n<br><strong>16.<\/strong> Atunci c\u00e2nd prelucrarea datelor cu caracter personal are drept scop marketingul direct, utilizatorul are dreptul de a se opune prelucr\u0103rii acestora \u00een acest scop.\n<br><strong>17.<\/strong> \u00cen situa\u021bia prelucr\u0103rii necorespunzatoare a datelor, exist\u0103 posibilitatea de a depune o pl\u00e2ngere \u00een fa\u021ba Autorit\u0103\u021bii de Supraveghere, precum \u0219i de a introduce o cale de atac judiciar\u0103.\n<h2>Politica de Cookies<\/h2>\n<strong>Despre cookies \u0219i scopul lor<\/strong>\n<br>\nUn fi\u0219ier de tip cookie reprezint\u0103 un fi\u0219ier text care este stocat \u0219i citit de browser-ul Dvs. pe hard disk-ul dispozitivului pe care \u00eel utiliza\u021bi (laptop sau smartphone) \u00een func\u021bie de website-ul pe care \u00eel vizita\u021bi.\nFi\u0219ierele de tip cookie fac interac\u021biunea Dvs. cu website-ul mai rapid\u0103, deoarece acesta \u00ee\u0219i poate aminti preferin\u021bele Dvs., trimi\u021b\u00e2nd informa\u021biile pe care le con\u021bin \u00eenapoi la website-ul originar (first-party cookie) sau c\u0103tre alt website c\u0103ruia le apar\u021bin (third-party cookie), atunci c\u00e2nd vizita\u021bi din nou website-ul, utiliz\u00e2nd acela\u0219i dispozitiv.\nWebsite-ul nostru utilizeaz\u0103 fi\u0219iere de tip cookie pentru a v\u0103 oferi un serviciu online personalizat.\nDatele stocate de fi\u0219ierele de tip cookie utilizate de website-ul nostru nu arat\u0103 detalii personale \u00een baza c\u0103rora s\u0103 poat\u0103 fi stabilit\u0103 o identitate individual\u0103.\n<br><br>\n<strong>Controlul fi\u0219ierelor de tip cookie<\/strong>\n<br>\nV\u0103 pute\u021bi retrage consim\u021b\u0103m\u00e2ntul privind fi\u0219ierele de tip cookie \u00een orice moment.\nPute\u021bi s\u0103 bloca\u021bi sau s\u0103 \u0219terge\u021bi fi\u0219ierele cookie prin intermediul set\u0103rilor browser-ului Dvs., asa cum le descriem mai jos. \u00cen cazul \u0219tergerii sau dezactiv\u0103rii lor, pot ap\u0103rea anumite probleme legate de utilizarea anumitor func\u021bii ale website-urilor.\n\u00cen cazul \u00een care dori\u021bi s\u0103 elimina\u021bi fi\u0219ierele de tip cookie, ve\u021bi g\u0103si set\u0103rile de navigare referitoare la fi\u0219iere de tip cookie \u00een meniurile \u201eOp\u021biuni\u201d\/\u201eInstrumente\u201d din browser-ul Dvs.\n<br><br>\n<strong>Cookies utilizate de c\u0103tre website-ul nostru<\/strong><br>\nFolosim urm\u0103toarele categorii:<br>\n\u2022 Fi\u0219ierele de tip cookie absolut necesare.<br>\nAcestea v\u0103 permit s\u0103 naviga\u021bi pe website \u0219i s\u0103 \u00eei utiliza\u021bi func\u021biile de baz\u0103. Sunt indispensabile pentru utilizarea website-ului.<br>\n\u2022 Fi\u0219iere de tip cookie privind func\u021bionalitatea<br>\nSunt utilizate pentru a v\u0103 recunoa\u0219te atunci c\u00e2nd reveni\u021bi pe website \u0219i ne permit s\u0103 v\u0103 oferim func\u021bii personalizate. Aceste fi\u0219iere de tip cookie colecteaz\u0103 informa\u021bii anonime \u0219i nu pot urm\u0103ri navigarea pe alte site-uri.<br>\n\u2022 Fi\u0219iere de tip cookie de analiz\u0103<br>\nNe permit s\u0103 recunoa\u0219tem \u0219i s\u0103 numar\u0103m utilizatorii \u0219i s\u0103 colect\u0103m informa\u021bii despre modul \u00een care este utilizat website-ul. Ne ajut\u0103 s\u0103 \u00eembun\u0103t\u0103\u021bim modul \u00een care func\u021bioneaza website-ul nostru.<br>\n\u2022 Fi\u0219iere de tip cookie privind activitatea de marketing<br>\nAcestea \u00eenregistreaz\u0103 vizita Dvs. pe website-ul nostru, paginile pe care le-a\u021bi vizitat \u0219i link-urile pe care le-a\u021bi accesat. Sunt utilizate pentru a limita frecven\u021ba cu care po\u021bi vedea o reclam\u0103 \u0219i pentru a ajuta la m\u0103surarea eficien\u021bei campaniilor publicitare. Utiliz\u0103m aceste informa\u021bii pentru a oferi reclame mai relevante.\n\u2022 Fi\u0219iere de tip cookie privind re\u021belele sociale<br>\nAcestea v\u0103 permit s\u0103 distribui\u021bi activitatea Dvs. din site pe re\u021bele sociale (Facebook, Twitter si LinkedIn). Aceste fi\u0219iere de tip cookie nu sunt controlate de c\u0103tre noi.<br>\n\u2022 Alte tipuri de fi\u0219iere de tip cookie care pot fi utilizate ulterior<br>\nDespre acestea v\u0103 vom informa \u00een cazul apari\u021biei lor \u00een aceast\u0103 not\u0103 de informare.\nUtiliz\u0103m serviciile ter\u021belor-p\u0103rti pentru a ob\u021bine informa\u021bii cu privire la utilizarea de c\u0103tre Dvs. a website-ului nostru pentru a optimiza experien\u021ba Dvs. de navigare \u0219i pentru a afi\u0219a publicitate \u00een afara website-ului nostru. Aceste ter\u021be-p\u0103r\u021bi (adservere, servicii de analiz\u0103 a traficului web) pot \u0219i utilizeaz\u0103 fi\u0219iere de tip cookie, asupra c\u0103rora nu avem control.\n<br><br>\nAlte informa\u021bii despre fi\u0219ierele de tip cookie \u0219i publicitatea comportamental\u0103 g\u0103si\u021bi pe YouOnlineChoices.eu si AllAboutCookies.org\n<br><br>\n<strong>Operatorul website-ului:<br><\/strong> SC TAO FOODS SRL, cu sediul \u00een Bucuresti, Str. Calafat nr. 20, Sector 2, identificat prin cod unic de \u00eenregistrare 15672352.\n\n<\/div>\t\t\t\t\t\t<\/div>\n\t\t\t\t<\/div>\n\t\t\t\t\t<\/div>\n\t\t\t\t<\/div>\n\t\t\t\t<\/div>\n\t\t","protected":false},"excerpt":{"rendered":"<p>Politica de Confidentialitate 1. Site-ul www.tao-foods.com asigur\u0103 protec\u021bia drepturilor \u0219i libert\u0103\u021bilor fundamentale ale persoanelor fizice \u0219i \u00een special a dreptului la protec\u021bia datelor cu caracter personal, \u00een conformitate cu Regulamentul European cunoscut sub denumirea de GDPR. 2. Date cu caracter personal \u00eenseamn\u0103 orice informa\u021bii privind o persoan\u0103 fizic\u0103 identificat\u0103 sau identificabil\u0103, o persoan\u0103 fizic\u0103 identificabil\u0103 este o persoan\u0103 care poate fi identificat\u0103, direct sau indirect, \u00een special prin referire la un element de identificare, cum ar fi un nume, un num\u0103r de identificare, date de localizare, un identificator online, sau la unul sau mai multe elemente specifice, proprii identit\u0103\u021bii sale fizice, fiziologice, genetice, psihice, economice, culturale sau sociale. 3. Site-ul www.tao-foods.com are acces la urm\u0103toarele date ale utilizatorilor, o dat\u0103 ce ace\u0219tia \u00ee\u0219i dau acordul prin bifarea consim\u021b\u0103m\u00e2ntului expres: nume, prenume, telefon, adresa e-mail, \u00een cazul persoanelor fizice care completeaz\u0103 formularul de la sec\u021biunea Contact. 4. Aceste date personale colectate&hellip;<\/p>\n<p> <a class=\"more-link\" href=\"https:\/\/tao-foods.com\/shop\/politica\/\">Read more<\/a><\/p>\n","protected":false},"author":1,"featured_media":0,"parent":0,"menu_order":0,"comment_status":"closed","ping_status":"closed","template":"","meta":{"footnotes":""},"class_list":["post-3","page","type-page","status-publish"],"_links":{"self":[{"href":"https:\/\/tao-foods.com\/shop\/wp-json\/wp\/v2\/pages\/3","targetHints":{"allow":["GET"]}}],"collection":[{"href":"https:\/\/tao-foods.com\/shop\/wp-json\/wp\/v2\/pages"}],"about":[{"href":"https:\/\/tao-foods.com\/shop\/wp-json\/wp\/v2\/types\/page"}],"author":[{"embeddable":true,"href":"https:\/\/tao-foods.com\/shop\/wp-json\/wp\/v2\/users\/1"}],"replies":[{"embeddable":true,"href":"https:\/\/tao-foods.com\/shop\/wp-json\/wp\/v2\/comments?post=3"}],"version-history":[{"count":16,"href":"https:\/\/tao-foods.com\/shop\/wp-json\/wp\/v2\/pages\/3\/revisions"}],"predecessor-version":[{"id":713,"href":"https:\/\/tao-foods.com\/shop\/wp-json\/wp\/v2\/pages\/3\/revisions\/713"}],"wp:attachment":[{"href":"https:\/\/tao-foods.com\/shop\/wp-json\/wp\/v2\/media?parent=3"}],"curies":[{"name":"wp","href":"https:\/\/api.w.org\/{rel}","templated":true}]}}